{"id":513,"date":"2021-01-10T09:44:42","date_gmt":"2021-01-10T09:44:42","guid":{"rendered":"http:\/\/www.xn--stadtfhrung-gunzenhausen-0sc.de\/?page_id=513"},"modified":"2021-06-30T05:56:32","modified_gmt":"2021-06-30T05:56:32","slug":"stadtfuehrung","status":"publish","type":"page","link":"https:\/\/www.xn--stadtfhrung-gunzenhausen-0sc.de\/?page_id=513","title":{"rendered":"Stadtf\u00fchrung"},"content":{"rendered":"\t\t<div data-elementor-type=\"wp-page\" data-elementor-id=\"513\" class=\"elementor elementor-513\">\n\t\t\t\t\t\t<section class=\"elementor-section elementor-top-section elementor-element elementor-element-4444493d elementor-section-full_width elementor-section-stretched elementor-section-height-default elementor-section-height-default\" data-id=\"4444493d\" data-element_type=\"section\" data-settings=\"{&quot;stretch_section&quot;:&quot;section-stretched&quot;}\">\n\t\t\t\t\t\t<div class=\"elementor-container elementor-column-gap-no\">\n\t\t\t\t\t<div class=\"elementor-column elementor-col-100 elementor-top-column elementor-element elementor-element-20acbcb5\" data-id=\"20acbcb5\" data-element_type=\"column\">\n\t\t\t<div class=\"elementor-widget-wrap elementor-element-populated\">\n\t\t\t\t\t\t<div class=\"elementor-element elementor-element-73c34985 elementor-widget elementor-widget-image\" data-id=\"73c34985\" data-element_type=\"widget\" data-widget_type=\"image.default\">\n\t\t\t\t<div class=\"elementor-widget-container\">\n\t\t\t\t\t\t\t\t\t\t\t\t\t<img fetchpriority=\"high\" decoding=\"async\" width=\"2722\" height=\"1077\" src=\"https:\/\/www.xn--stadtfhrung-gunzenhausen-0sc.de\/wp-content\/uploads\/2019\/07\/DSC_2855-e1610457251490.jpg\" class=\"attachment-full size-full wp-image-43\" alt=\"Stadtfuehrung Gunzenhausen Titelbild\" srcset=\"https:\/\/www.xn--stadtfhrung-gunzenhausen-0sc.de\/wp-content\/uploads\/2019\/07\/DSC_2855-e1610457251490.jpg 2722w, https:\/\/www.xn--stadtfhrung-gunzenhausen-0sc.de\/wp-content\/uploads\/2019\/07\/DSC_2855-e1610457251490-300x119.jpg 300w, https:\/\/www.xn--stadtfhrung-gunzenhausen-0sc.de\/wp-content\/uploads\/2019\/07\/DSC_2855-e1610457251490-768x304.jpg 768w, https:\/\/www.xn--stadtfhrung-gunzenhausen-0sc.de\/wp-content\/uploads\/2019\/07\/DSC_2855-e1610457251490-1024x405.jpg 1024w, https:\/\/www.xn--stadtfhrung-gunzenhausen-0sc.de\/wp-content\/uploads\/2019\/07\/DSC_2855-e1610457251490-1536x608.jpg 1536w, https:\/\/www.xn--stadtfhrung-gunzenhausen-0sc.de\/wp-content\/uploads\/2019\/07\/DSC_2855-e1610457251490-2048x810.jpg 2048w\" sizes=\"(max-width: 2722px) 100vw, 2722px\" \/>\t\t\t\t\t\t\t\t\t\t\t\t\t<\/div>\n\t\t\t\t<\/div>\n\t\t\t\t\t<\/div>\n\t\t<\/div>\n\t\t\t\t\t<\/div>\n\t\t<\/section>\n\t\t\t\t<section class=\"elementor-section elementor-top-section elementor-element elementor-element-41215b0c elementor-section-full_width elementor-section-height-default elementor-section-height-default\" data-id=\"41215b0c\" data-element_type=\"section\" data-settings=\"{&quot;shape_divider_bottom&quot;:&quot;curve&quot;}\">\n\t\t\t\t\t<div class=\"elementor-shape elementor-shape-bottom\" data-negative=\"false\">\n\t\t\t<svg xmlns=\"http:\/\/www.w3.org\/2000\/svg\" viewBox=\"0 0 1000 100\" preserveAspectRatio=\"none\">\n    <path class=\"elementor-shape-fill\" d=\"M1000,4.3V0H0v4.3C0.9,23.1,126.7,99.2,500,100S1000,22.7,1000,4.3z\"\/>\n<\/svg>\t\t<\/div>\n\t\t\t\t\t<div class=\"elementor-container elementor-column-gap-default\">\n\t\t\t\t\t<div class=\"elementor-column elementor-col-100 elementor-top-column elementor-element elementor-element-84c12ff\" data-id=\"84c12ff\" data-element_type=\"column\">\n\t\t\t<div class=\"elementor-widget-wrap elementor-element-populated\">\n\t\t\t\t\t\t<div class=\"elementor-element elementor-element-e7ead2a elementor-widget elementor-widget-wp-widget-maxmegamenu\" data-id=\"e7ead2a\" data-element_type=\"widget\" data-widget_type=\"wp-widget-maxmegamenu.default\">\n\t\t\t\t<div class=\"elementor-widget-container\">\n\t\t\t<div id=\"mega-menu-wrap-main_menu\" class=\"mega-menu-wrap\"><div class=\"mega-menu-toggle\"><div class=\"mega-toggle-blocks-left\"><\/div><div class=\"mega-toggle-blocks-center\"><\/div><div class=\"mega-toggle-blocks-right\"><div class='mega-toggle-block mega-menu-toggle-animated-block mega-toggle-block-0' id='mega-toggle-block-0'><button aria-label=\"Toggle Menu\" class=\"mega-toggle-animated mega-toggle-animated-slider\" type=\"button\" aria-expanded=\"false\">\n                  <span class=\"mega-toggle-animated-box\">\n                    <span class=\"mega-toggle-animated-inner\"><\/span>\n                  <\/span>\n                <\/button><\/div><\/div><\/div><ul id=\"mega-menu-main_menu\" class=\"mega-menu max-mega-menu mega-menu-horizontal mega-no-js\" data-event=\"hover_intent\" data-effect=\"slide\" data-effect-speed=\"200\" data-effect-mobile=\"slide_left\" data-effect-speed-mobile=\"400\" data-panel-inner-width=\"150px\" data-mobile-force-width=\"false\" data-second-click=\"close\" data-document-click=\"collapse\" data-vertical-behaviour=\"accordion\" data-breakpoint=\"768\" data-unbind=\"true\" data-mobile-state=\"collapse_all\" data-mobile-direction=\"vertical\" data-hover-intent-timeout=\"300\" data-hover-intent-interval=\"100\"><li class=\"mega-menu-item mega-menu-item-type-post_type mega-menu-item-object-page mega-menu-item-home mega-align-bottom-left mega-menu-flyout mega-menu-item-414\" id=\"mega-menu-item-414\"><a class=\"mega-menu-link\" href=\"https:\/\/www.xn--stadtfhrung-gunzenhausen-0sc.de\/\" tabindex=\"0\">Startseite<\/a><\/li><li class=\"mega-menu-item mega-menu-item-type-post_type mega-menu-item-object-page mega-align-bottom-left mega-menu-flyout mega-menu-item-415\" id=\"mega-menu-item-415\"><a class=\"mega-menu-link\" href=\"https:\/\/www.xn--stadtfhrung-gunzenhausen-0sc.de\/?page_id=13\" tabindex=\"0\">\u00dcber uns<\/a><\/li><li class=\"mega-menu-item mega-menu-item-type-post_type mega-menu-item-object-page mega-menu-megamenu mega-align-bottom-right mega-menu-megamenu mega-menu-item-416\" id=\"mega-menu-item-416\"><a class=\"mega-menu-link\" href=\"https:\/\/www.xn--stadtfhrung-gunzenhausen-0sc.de\/?page_id=14\" tabindex=\"0\">F\u00fchrungen<\/a><\/li><li class=\"mega-menu-item mega-menu-item-type-post_type mega-menu-item-object-page mega-align-bottom-left mega-menu-flyout mega-menu-item-1136\" id=\"mega-menu-item-1136\"><a class=\"mega-menu-link\" href=\"https:\/\/www.xn--stadtfhrung-gunzenhausen-0sc.de\/?page_id=1134\" tabindex=\"0\">Gutschein<\/a><\/li><li class=\"mega-menu-item mega-menu-item-type-post_type mega-menu-item-object-page mega-align-bottom-left mega-menu-flyout mega-menu-item-417\" id=\"mega-menu-item-417\"><a class=\"mega-menu-link\" href=\"https:\/\/www.xn--stadtfhrung-gunzenhausen-0sc.de\/?page_id=15\" tabindex=\"0\">Kontakt<\/a><\/li><\/ul><\/div>\t\t<\/div>\n\t\t\t\t<\/div>\n\t\t\t\t\t<\/div>\n\t\t<\/div>\n\t\t\t\t\t<\/div>\n\t\t<\/section>\n\t\t\t\t<section class=\"elementor-section elementor-top-section elementor-element elementor-element-5336c08d elementor-section-boxed elementor-section-height-default elementor-section-height-default\" data-id=\"5336c08d\" data-element_type=\"section\">\n\t\t\t\t\t\t<div class=\"elementor-container elementor-column-gap-default\">\n\t\t\t\t\t<div class=\"elementor-column elementor-col-100 elementor-top-column elementor-element elementor-element-62fb2499\" data-id=\"62fb2499\" data-element_type=\"column\">\n\t\t\t<div class=\"elementor-widget-wrap elementor-element-populated\">\n\t\t\t\t\t\t<div class=\"elementor-element elementor-element-61afb12e elementor-hidden-tablet elementor-hidden-phone elementor-widget-divider--view-line elementor-widget elementor-widget-divider\" data-id=\"61afb12e\" data-element_type=\"widget\" data-widget_type=\"divider.default\">\n\t\t\t\t<div class=\"elementor-widget-container\">\n\t\t\t\t\t<div class=\"elementor-divider\">\n\t\t\t<span class=\"elementor-divider-separator\">\n\t\t\t\t\t\t<\/span>\n\t\t<\/div>\n\t\t\t\t<\/div>\n\t\t\t\t<\/div>\n\t\t\t\t\t<\/div>\n\t\t<\/div>\n\t\t\t\t\t<\/div>\n\t\t<\/section>\n\t\t\t\t<section class=\"elementor-section elementor-top-section elementor-element elementor-element-5ee99a47 elementor-section-full_width elementor-section-height-default elementor-section-height-default\" data-id=\"5ee99a47\" data-element_type=\"section\">\n\t\t\t\t\t\t<div class=\"elementor-container elementor-column-gap-default\">\n\t\t\t\t\t<div class=\"elementor-column elementor-col-100 elementor-top-column elementor-element elementor-element-78478e65\" data-id=\"78478e65\" data-element_type=\"column\">\n\t\t\t<div class=\"elementor-widget-wrap elementor-element-populated\">\n\t\t\t\t\t\t<div class=\"elementor-element elementor-element-1f6f86ab elementor-widget elementor-widget-image\" data-id=\"1f6f86ab\" data-element_type=\"widget\" data-widget_type=\"image.default\">\n\t\t\t\t<div class=\"elementor-widget-container\">\n\t\t\t\t\t\t\t\t\t\t\t\t\t<img decoding=\"async\" width=\"768\" height=\"190\" src=\"https:\/\/www.xn--stadtfhrung-gunzenhausen-0sc.de\/wp-content\/uploads\/2021\/01\/Schrift_Klassische_Stadtfuehrung-768x190.png\" class=\"attachment-medium_large size-medium_large wp-image-506\" alt=\"\" srcset=\"https:\/\/www.xn--stadtfhrung-gunzenhausen-0sc.de\/wp-content\/uploads\/2021\/01\/Schrift_Klassische_Stadtfuehrung-768x190.png 768w, https:\/\/www.xn--stadtfhrung-gunzenhausen-0sc.de\/wp-content\/uploads\/2021\/01\/Schrift_Klassische_Stadtfuehrung-300x74.png 300w, https:\/\/www.xn--stadtfhrung-gunzenhausen-0sc.de\/wp-content\/uploads\/2021\/01\/Schrift_Klassische_Stadtfuehrung-1024x254.png 1024w, https:\/\/www.xn--stadtfhrung-gunzenhausen-0sc.de\/wp-content\/uploads\/2021\/01\/Schrift_Klassische_Stadtfuehrung-1536x380.png 1536w, https:\/\/www.xn--stadtfhrung-gunzenhausen-0sc.de\/wp-content\/uploads\/2021\/01\/Schrift_Klassische_Stadtfuehrung.png 1575w\" sizes=\"(max-width: 768px) 100vw, 768px\" \/>\t\t\t\t\t\t\t\t\t\t\t\t\t<\/div>\n\t\t\t\t<\/div>\n\t\t\t\t\t<\/div>\n\t\t<\/div>\n\t\t\t\t\t<\/div>\n\t\t<\/section>\n\t\t\t\t<section class=\"elementor-section elementor-top-section elementor-element elementor-element-46794dcd elementor-section-full_width elementor-section-height-default elementor-section-height-default\" data-id=\"46794dcd\" data-element_type=\"section\">\n\t\t\t\t\t\t<div class=\"elementor-container elementor-column-gap-default\">\n\t\t\t\t\t<div class=\"elementor-column elementor-col-100 elementor-top-column elementor-element elementor-element-2ff86d65\" data-id=\"2ff86d65\" data-element_type=\"column\">\n\t\t\t<div class=\"elementor-widget-wrap elementor-element-populated\">\n\t\t\t\t\t\t<div class=\"elementor-element elementor-element-6a687a8e elementor-widget elementor-widget-text-editor\" data-id=\"6a687a8e\" data-element_type=\"widget\" data-widget_type=\"text-editor.default\">\n\t\t\t\t<div class=\"elementor-widget-container\">\n\t\t\t\t\t\t\t<p>Lassen Sie sich von uns durch Gunzenhausen begleiten. Erfahren Sie mehr \u00fcber den Goldschatzfund aus der R\u00f6merzeit, die tragisch geendete Liebe des Burkhard von Seckendorff, die leidenschaftliche Beziehung des \u201ewilden\u201c Markgrafen und das Schicksal der j\u00fcdischen Gemeinde w\u00e4hrend der Hitler-Diktatur.<\/p><p>Unsere \u201eoffenen\u201c Stadtf\u00fchrungen finden \u2013 soweit keine Einschr\u00e4nkungen durch Corona-Pandemie zu beachten sind \u2013 jeden <strong>Samstag<\/strong> statt.<\/p><p>April bis September um 16Uhr, Oktober bis M\u00e4rz um 15Uhr<br \/>Individuelle F\u00fchrungen sind ebenfalls jederzeit buchbar.<\/p><p>Treffpunkt: Gegen\u00fcber Caf\u00e9 am Wehrgang, Wei\u00dfenburger Stra\u00dfe 15<\/p><p><span style=\"color: #eb5652;\">Dauer jeweils ca. 1,5 Std. \/ pro Person 6,50\u20ac<\/span><\/p><p><span style=\"color: #eb5652;\">Wir m\u00fcssen derzeit um Voranmeldung bitten. Vielen Dank f\u00fcr Ihr Verst\u00e4ndnis.<\/span><\/p><p><span style=\"color: #eb5652;\">Telefon: <span style=\"text-decoration: underline;\"><a href=\"tel:0160 98713530\">0160 98713530<\/a><\/span><\/span><\/p><p><span style=\"color: #eb5652; font-size: 16px;\">E-Mail: <\/span><span style=\"color: #eb5652; font-size: 16px; text-decoration: underline;\"><a href=\"mailto:info@stadtfuehrung-gunzenhausen.de\">info@stadtfuehrung-gunzenhausen.de<\/a><\/span><\/p>\t\t\t\t\t\t<\/div>\n\t\t\t\t<\/div>\n\t\t\t\t\t<\/div>\n\t\t<\/div>\n\t\t\t\t\t<\/div>\n\t\t<\/section>\n\t\t\t\t<section class=\"elementor-section elementor-top-section elementor-element elementor-element-9af19fb elementor-section-boxed elementor-section-height-default elementor-section-height-default\" data-id=\"9af19fb\" data-element_type=\"section\">\n\t\t\t\t\t\t<div class=\"elementor-container elementor-column-gap-default\">\n\t\t\t\t\t<div class=\"elementor-column elementor-col-100 elementor-top-column elementor-element elementor-element-c87917c\" data-id=\"c87917c\" data-element_type=\"column\">\n\t\t\t<div class=\"elementor-widget-wrap elementor-element-populated\">\n\t\t\t\t\t\t<div class=\"elementor-element elementor-element-d114183 elementor-widget elementor-widget-google_maps\" data-id=\"d114183\" data-element_type=\"widget\" data-widget_type=\"google_maps.default\">\n\t\t\t\t<div class=\"elementor-widget-container\">\n\t\t\t\t\t<div class=\"elementor-custom-embed\">\n\t\t\t<iframe loading=\"lazy\"\n\t\t\t\t\tsrc=\"https:\/\/maps.google.com\/maps?q=Cafe%20am%20wehrgang%2C%20Gunzenhausen&#038;t=m&#038;z=18&#038;output=embed&#038;iwloc=near\"\n\t\t\t\t\ttitle=\"Cafe am wehrgang, Gunzenhausen\"\n\t\t\t\t\taria-label=\"Cafe am wehrgang, Gunzenhausen\"\n\t\t\t><\/iframe>\n\t\t<\/div>\n\t\t\t\t<\/div>\n\t\t\t\t<\/div>\n\t\t\t\t\t<\/div>\n\t\t<\/div>\n\t\t\t\t\t<\/div>\n\t\t<\/section>\n\t\t\t\t<section class=\"elementor-section elementor-top-section elementor-element elementor-element-1686c3fe elementor-section-boxed elementor-section-height-default elementor-section-height-default\" data-id=\"1686c3fe\" data-element_type=\"section\">\n\t\t\t\t\t\t<div class=\"elementor-container elementor-column-gap-default\">\n\t\t\t\t\t<div class=\"elementor-column elementor-col-100 elementor-top-column elementor-element elementor-element-4d23e706\" data-id=\"4d23e706\" data-element_type=\"column\">\n\t\t\t<div class=\"elementor-widget-wrap elementor-element-populated\">\n\t\t\t\t\t\t<div class=\"elementor-element elementor-element-12cb5f23 elementor-widget-divider--view-line elementor-widget elementor-widget-divider\" data-id=\"12cb5f23\" data-element_type=\"widget\" data-widget_type=\"divider.default\">\n\t\t\t\t<div class=\"elementor-widget-container\">\n\t\t\t\t\t<div class=\"elementor-divider\">\n\t\t\t<span class=\"elementor-divider-separator\">\n\t\t\t\t\t\t<\/span>\n\t\t<\/div>\n\t\t\t\t<\/div>\n\t\t\t\t<\/div>\n\t\t\t\t\t<\/div>\n\t\t<\/div>\n\t\t\t\t\t<\/div>\n\t\t<\/section>\n\t\t\t\t<section class=\"elementor-section elementor-top-section elementor-element elementor-element-2530cf3a elementor-section-boxed elementor-section-height-default elementor-section-height-default\" data-id=\"2530cf3a\" data-element_type=\"section\">\n\t\t\t\t\t\t<div class=\"elementor-container elementor-column-gap-default\">\n\t\t\t\t\t<div class=\"elementor-column elementor-col-100 elementor-top-column elementor-element elementor-element-b360017\" data-id=\"b360017\" data-element_type=\"column\">\n\t\t\t<div class=\"elementor-widget-wrap elementor-element-populated\">\n\t\t\t\t\t\t<div class=\"elementor-element elementor-element-2a36f880 elementor-widget elementor-widget-wp-widget-ocean_custom_menu\" data-id=\"2a36f880\" data-element_type=\"widget\" data-widget_type=\"wp-widget-ocean_custom_menu.default\">\n\t\t\t\t<div class=\"elementor-widget-container\">\n\t\t\t<style type=\"text\/css\">.ocean_custom_menu-REPLACE_TO_ID > ul > li > a, .custom-menu-widget .ocean_custom_menu-REPLACE_TO_ID .dropdown-menu .sub-menu li a.menu-link{color:#6a6a6a;font-size:12px;line-height:15px;}.custom-menu-widget .ocean_custom_menu-REPLACE_TO_ID.oceanwp-custom-menu > ul.click-menu .open-this{color:#6a6a6a;font-size:12px;}.ocean_custom_menu-REPLACE_TO_ID > ul > li > a:hover, .custom-menu-widget .ocean_custom_menu-REPLACE_TO_ID .dropdown-menu .sub-menu li a.menu-link:hover{color:#EB5652;}.custom-menu-widget .ocean_custom_menu-REPLACE_TO_ID.oceanwp-custom-menu > ul.click-menu .open-this:hover{color:#EB5652;}<\/style><div class=\"oceanwp-custom-menu clr ocean_custom_menu-REPLACE_TO_ID center dropdown-hover\"><ul id=\"menu-footer\" class=\"dropdown-menu sf-menu\"><li  id=\"menu-item-29\" class=\"menu-item menu-item-type-post_type menu-item-object-page menu-item-29\"><a href=\"https:\/\/www.xn--stadtfhrung-gunzenhausen-0sc.de\/?page_id=16\" class=\"menu-link\">Impressum<\/a><\/li>\n<li  id=\"menu-item-30\" class=\"menu-item menu-item-type-post_type menu-item-object-page menu-item-30\"><a href=\"https:\/\/www.xn--stadtfhrung-gunzenhausen-0sc.de\/?page_id=17\" class=\"menu-link\">Datenschutzerkl\u00e4rung<\/a><\/li>\n<li  id=\"menu-item-776\" class=\"menu-item menu-item-type-custom menu-item-object-custom menu-item-776\"><a href=\"https:\/\/www.facebook.com\/stadtfuehrung.gunzenhausen\" class=\"menu-link\" rel=\"nofollow noopener\" target=\"_blank\">Facebook<\/a><\/li>\n<li  id=\"menu-item-777\" class=\"menu-item menu-item-type-custom menu-item-object-custom menu-item-777\"><a href=\"https:\/\/www.instagram.com\/stadtfuehrung_gunzenhausen\/\" class=\"menu-link\" rel=\"nofollow noopener\" target=\"_blank\">Instagram<\/a><\/li>\n<\/ul><\/div>\t\t<\/div>\n\t\t\t\t<\/div>\n\t\t\t\t\t<\/div>\n\t\t<\/div>\n\t\t\t\t\t<\/div>\n\t\t<\/section>\n\t\t\t\t<\/div>\n\t\t","protected":false},"excerpt":{"rendered":"<p>Lassen Sie sich von uns durch Gunzenhausen begleiten. Erfahren Sie mehr \u00fcber den Goldschatzfund aus der R\u00f6merzeit, die tragisch geendete Liebe des Burkhard von Seckendorff, die leidenschaftliche Beziehung des \u201ewilden\u201c [&hellip;]<\/p>\n","protected":false},"author":1,"featured_media":0,"parent":0,"menu_order":0,"comment_status":"closed","ping_status":"closed","template":"","meta":{"ocean_post_layout":"","ocean_both_sidebars_style":"","ocean_both_sidebars_content_width":0,"ocean_both_sidebars_sidebars_width":0,"ocean_sidebar":"0","ocean_second_sidebar":"0","ocean_disable_margins":"on","ocean_add_body_class":"","ocean_shortcode_before_top_bar":"","ocean_shortcode_after_top_bar":"","ocean_shortcode_before_header":"","ocean_shortcode_after_header":"","ocean_has_shortcode":"","ocean_shortcode_after_title":"","ocean_shortcode_before_footer_widgets":"","ocean_shortcode_after_footer_widgets":"","ocean_shortcode_before_footer_bottom":"","ocean_shortcode_after_footer_bottom":"","ocean_display_top_bar":"off","ocean_display_header":"off","ocean_header_style":"","ocean_center_header_left_menu":"0","ocean_custom_header_template":"0","ocean_custom_logo":0,"ocean_custom_retina_logo":0,"ocean_custom_logo_max_width":0,"ocean_custom_logo_tablet_max_width":0,"ocean_custom_logo_mobile_max_width":0,"ocean_custom_logo_max_height":0,"ocean_custom_logo_tablet_max_height":0,"ocean_custom_logo_mobile_max_height":0,"ocean_header_custom_menu":"0","ocean_menu_typo_font_family":"0","ocean_menu_typo_font_subset":"","ocean_menu_typo_font_size":0,"ocean_menu_typo_font_size_tablet":0,"ocean_menu_typo_font_size_mobile":0,"ocean_menu_typo_font_size_unit":"px","ocean_menu_typo_font_weight":"","ocean_menu_typo_font_weight_tablet":"","ocean_menu_typo_font_weight_mobile":"","ocean_menu_typo_transform":"","ocean_menu_typo_transform_tablet":"","ocean_menu_typo_transform_mobile":"","ocean_menu_typo_line_height":0,"ocean_menu_typo_line_height_tablet":0,"ocean_menu_typo_line_height_mobile":0,"ocean_menu_typo_line_height_unit":"","ocean_menu_typo_spacing":0,"ocean_menu_typo_spacing_tablet":0,"ocean_menu_typo_spacing_mobile":0,"ocean_menu_typo_spacing_unit":"","ocean_menu_link_color":"","ocean_menu_link_color_hover":"","ocean_menu_link_color_active":"","ocean_menu_link_background":"","ocean_menu_link_hover_background":"","ocean_menu_link_active_background":"","ocean_menu_social_links_bg":"","ocean_menu_social_hover_links_bg":"","ocean_menu_social_links_color":"","ocean_menu_social_hover_links_color":"","ocean_disable_title":"on","ocean_disable_heading":"default","ocean_post_title":"","ocean_post_subheading":"","ocean_post_title_style":"","ocean_post_title_background_color":"","ocean_post_title_background":0,"ocean_post_title_bg_image_position":"","ocean_post_title_bg_image_attachment":"","ocean_post_title_bg_image_repeat":"","ocean_post_title_bg_image_size":"","ocean_post_title_height":0,"ocean_post_title_bg_overlay":0.5,"ocean_post_title_bg_overlay_color":"","ocean_disable_breadcrumbs":"off","ocean_breadcrumbs_color":"","ocean_breadcrumbs_separator_color":"","ocean_breadcrumbs_links_color":"","ocean_breadcrumbs_links_hover_color":"","ocean_display_footer_widgets":"off","ocean_display_footer_bottom":"off","ocean_custom_footer_template":"0"},"_links":{"self":[{"href":"https:\/\/www.xn--stadtfhrung-gunzenhausen-0sc.de\/index.php?rest_route=\/wp\/v2\/pages\/513"}],"collection":[{"href":"https:\/\/www.xn--stadtfhrung-gunzenhausen-0sc.de\/index.php?rest_route=\/wp\/v2\/pages"}],"about":[{"href":"https:\/\/www.xn--stadtfhrung-gunzenhausen-0sc.de\/index.php?rest_route=\/wp\/v2\/types\/page"}],"author":[{"embeddable":true,"href":"https:\/\/www.xn--stadtfhrung-gunzenhausen-0sc.de\/index.php?rest_route=\/wp\/v2\/users\/1"}],"replies":[{"embeddable":true,"href":"https:\/\/www.xn--stadtfhrung-gunzenhausen-0sc.de\/index.php?rest_route=%2Fwp%2Fv2%2Fcomments&post=513"}],"version-history":[{"count":15,"href":"https:\/\/www.xn--stadtfhrung-gunzenhausen-0sc.de\/index.php?rest_route=\/wp\/v2\/pages\/513\/revisions"}],"predecessor-version":[{"id":724,"href":"https:\/\/www.xn--stadtfhrung-gunzenhausen-0sc.de\/index.php?rest_route=\/wp\/v2\/pages\/513\/revisions\/724"}],"wp:attachment":[{"href":"https:\/\/www.xn--stadtfhrung-gunzenhausen-0sc.de\/index.php?rest_route=%2Fwp%2Fv2%2Fmedia&parent=513"}],"curies":[{"name":"wp","href":"https:\/\/api.w.org\/{rel}","templated":true}]}}