{"id":412,"date":"2021-01-10T07:10:43","date_gmt":"2021-01-10T07:10:43","guid":{"rendered":"http:\/\/www.xn--stadtfhrung-gunzenhausen-0sc.de\/?page_id=412"},"modified":"2021-01-12T13:47:16","modified_gmt":"2021-01-12T13:47:16","slug":"reisegruppen","status":"publish","type":"page","link":"https:\/\/www.xn--stadtfhrung-gunzenhausen-0sc.de\/?page_id=412","title":{"rendered":"Reisegruppen"},"content":{"rendered":"\t\t<div data-elementor-type=\"wp-page\" data-elementor-id=\"412\" class=\"elementor elementor-412\">\n\t\t\t\t\t\t<section class=\"elementor-section elementor-top-section elementor-element elementor-element-1b030e9c elementor-section-full_width elementor-section-stretched elementor-section-height-default elementor-section-height-default\" data-id=\"1b030e9c\" data-element_type=\"section\" data-settings=\"{&quot;stretch_section&quot;:&quot;section-stretched&quot;}\">\n\t\t\t\t\t\t<div class=\"elementor-container elementor-column-gap-no\">\n\t\t\t\t\t<div class=\"elementor-column elementor-col-100 elementor-top-column elementor-element elementor-element-5cdb948b\" data-id=\"5cdb948b\" data-element_type=\"column\">\n\t\t\t<div class=\"elementor-widget-wrap elementor-element-populated\">\n\t\t\t\t\t\t<div class=\"elementor-element elementor-element-295427b5 elementor-widget elementor-widget-image\" data-id=\"295427b5\" data-element_type=\"widget\" data-widget_type=\"image.default\">\n\t\t\t\t<div class=\"elementor-widget-container\">\n\t\t\t\t\t\t\t\t\t\t\t\t\t<img fetchpriority=\"high\" decoding=\"async\" width=\"2722\" height=\"1077\" src=\"https:\/\/www.xn--stadtfhrung-gunzenhausen-0sc.de\/wp-content\/uploads\/2019\/07\/DSC_2855-e1610457251490.jpg\" class=\"attachment-full size-full wp-image-43\" alt=\"Stadtfuehrung Gunzenhausen Titelbild\" srcset=\"https:\/\/www.xn--stadtfhrung-gunzenhausen-0sc.de\/wp-content\/uploads\/2019\/07\/DSC_2855-e1610457251490.jpg 2722w, https:\/\/www.xn--stadtfhrung-gunzenhausen-0sc.de\/wp-content\/uploads\/2019\/07\/DSC_2855-e1610457251490-300x119.jpg 300w, https:\/\/www.xn--stadtfhrung-gunzenhausen-0sc.de\/wp-content\/uploads\/2019\/07\/DSC_2855-e1610457251490-768x304.jpg 768w, https:\/\/www.xn--stadtfhrung-gunzenhausen-0sc.de\/wp-content\/uploads\/2019\/07\/DSC_2855-e1610457251490-1024x405.jpg 1024w, https:\/\/www.xn--stadtfhrung-gunzenhausen-0sc.de\/wp-content\/uploads\/2019\/07\/DSC_2855-e1610457251490-1536x608.jpg 1536w, https:\/\/www.xn--stadtfhrung-gunzenhausen-0sc.de\/wp-content\/uploads\/2019\/07\/DSC_2855-e1610457251490-2048x810.jpg 2048w\" sizes=\"(max-width: 2722px) 100vw, 2722px\" \/>\t\t\t\t\t\t\t\t\t\t\t\t\t<\/div>\n\t\t\t\t<\/div>\n\t\t\t\t\t<\/div>\n\t\t<\/div>\n\t\t\t\t\t<\/div>\n\t\t<\/section>\n\t\t\t\t<section class=\"elementor-section elementor-top-section elementor-element elementor-element-13b420bb elementor-section-full_width elementor-section-height-default elementor-section-height-default\" data-id=\"13b420bb\" data-element_type=\"section\" data-settings=\"{&quot;shape_divider_bottom&quot;:&quot;curve&quot;}\">\n\t\t\t\t\t<div class=\"elementor-shape elementor-shape-bottom\" data-negative=\"false\">\n\t\t\t<svg xmlns=\"http:\/\/www.w3.org\/2000\/svg\" viewBox=\"0 0 1000 100\" preserveAspectRatio=\"none\">\n    <path class=\"elementor-shape-fill\" d=\"M1000,4.3V0H0v4.3C0.9,23.1,126.7,99.2,500,100S1000,22.7,1000,4.3z\"\/>\n<\/svg>\t\t<\/div>\n\t\t\t\t\t<div class=\"elementor-container elementor-column-gap-default\">\n\t\t\t\t\t<div class=\"elementor-column elementor-col-100 elementor-top-column elementor-element elementor-element-63531e32\" data-id=\"63531e32\" data-element_type=\"column\">\n\t\t\t<div class=\"elementor-widget-wrap elementor-element-populated\">\n\t\t\t\t\t\t<div class=\"elementor-element elementor-element-279306f2 elementor-widget elementor-widget-wp-widget-maxmegamenu\" data-id=\"279306f2\" data-element_type=\"widget\" data-widget_type=\"wp-widget-maxmegamenu.default\">\n\t\t\t\t<div class=\"elementor-widget-container\">\n\t\t\t<div id=\"mega-menu-wrap-main_menu\" class=\"mega-menu-wrap\"><div class=\"mega-menu-toggle\"><div class=\"mega-toggle-blocks-left\"><\/div><div class=\"mega-toggle-blocks-center\"><\/div><div class=\"mega-toggle-blocks-right\"><div class='mega-toggle-block mega-menu-toggle-animated-block mega-toggle-block-0' id='mega-toggle-block-0'><button aria-label=\"Toggle Menu\" class=\"mega-toggle-animated mega-toggle-animated-slider\" type=\"button\" aria-expanded=\"false\">\n                  <span class=\"mega-toggle-animated-box\">\n                    <span class=\"mega-toggle-animated-inner\"><\/span>\n                  <\/span>\n                <\/button><\/div><\/div><\/div><ul id=\"mega-menu-main_menu\" class=\"mega-menu max-mega-menu mega-menu-horizontal mega-no-js\" data-event=\"hover_intent\" data-effect=\"slide\" data-effect-speed=\"200\" data-effect-mobile=\"slide_left\" data-effect-speed-mobile=\"400\" data-panel-inner-width=\"150px\" data-mobile-force-width=\"false\" data-second-click=\"close\" data-document-click=\"collapse\" data-vertical-behaviour=\"accordion\" data-breakpoint=\"768\" data-unbind=\"true\" data-mobile-state=\"collapse_all\" data-mobile-direction=\"vertical\" data-hover-intent-timeout=\"300\" data-hover-intent-interval=\"100\"><li class=\"mega-menu-item mega-menu-item-type-post_type mega-menu-item-object-page mega-menu-item-home mega-align-bottom-left mega-menu-flyout mega-menu-item-414\" id=\"mega-menu-item-414\"><a class=\"mega-menu-link\" href=\"https:\/\/www.xn--stadtfhrung-gunzenhausen-0sc.de\/\" tabindex=\"0\">Startseite<\/a><\/li><li class=\"mega-menu-item mega-menu-item-type-post_type mega-menu-item-object-page mega-align-bottom-left mega-menu-flyout mega-menu-item-415\" id=\"mega-menu-item-415\"><a class=\"mega-menu-link\" href=\"https:\/\/www.xn--stadtfhrung-gunzenhausen-0sc.de\/?page_id=13\" tabindex=\"0\">\u00dcber uns<\/a><\/li><li class=\"mega-menu-item mega-menu-item-type-post_type mega-menu-item-object-page mega-menu-megamenu mega-align-bottom-right mega-menu-megamenu mega-menu-item-416\" id=\"mega-menu-item-416\"><a class=\"mega-menu-link\" href=\"https:\/\/www.xn--stadtfhrung-gunzenhausen-0sc.de\/?page_id=14\" tabindex=\"0\">F\u00fchrungen<\/a><\/li><li class=\"mega-menu-item mega-menu-item-type-post_type mega-menu-item-object-page mega-align-bottom-left mega-menu-flyout mega-menu-item-1136\" id=\"mega-menu-item-1136\"><a class=\"mega-menu-link\" href=\"https:\/\/www.xn--stadtfhrung-gunzenhausen-0sc.de\/?page_id=1134\" tabindex=\"0\">Gutschein<\/a><\/li><li class=\"mega-menu-item mega-menu-item-type-post_type mega-menu-item-object-page mega-align-bottom-left mega-menu-flyout mega-menu-item-417\" id=\"mega-menu-item-417\"><a class=\"mega-menu-link\" href=\"https:\/\/www.xn--stadtfhrung-gunzenhausen-0sc.de\/?page_id=15\" tabindex=\"0\">Kontakt<\/a><\/li><\/ul><\/div>\t\t<\/div>\n\t\t\t\t<\/div>\n\t\t\t\t\t<\/div>\n\t\t<\/div>\n\t\t\t\t\t<\/div>\n\t\t<\/section>\n\t\t\t\t<section class=\"elementor-section elementor-top-section elementor-element elementor-element-31e90b51 elementor-section-boxed elementor-section-height-default elementor-section-height-default\" data-id=\"31e90b51\" data-element_type=\"section\">\n\t\t\t\t\t\t<div class=\"elementor-container elementor-column-gap-default\">\n\t\t\t\t\t<div class=\"elementor-column elementor-col-100 elementor-top-column elementor-element elementor-element-3dcb3b94\" data-id=\"3dcb3b94\" data-element_type=\"column\">\n\t\t\t<div class=\"elementor-widget-wrap elementor-element-populated\">\n\t\t\t\t\t\t<div class=\"elementor-element elementor-element-1713f228 elementor-hidden-tablet elementor-hidden-phone elementor-widget-divider--view-line elementor-widget elementor-widget-divider\" data-id=\"1713f228\" data-element_type=\"widget\" data-widget_type=\"divider.default\">\n\t\t\t\t<div class=\"elementor-widget-container\">\n\t\t\t\t\t<div class=\"elementor-divider\">\n\t\t\t<span class=\"elementor-divider-separator\">\n\t\t\t\t\t\t<\/span>\n\t\t<\/div>\n\t\t\t\t<\/div>\n\t\t\t\t<\/div>\n\t\t\t\t\t<\/div>\n\t\t<\/div>\n\t\t\t\t\t<\/div>\n\t\t<\/section>\n\t\t\t\t<section class=\"elementor-section elementor-top-section elementor-element elementor-element-1fb6ef7 elementor-section-full_width elementor-section-height-default elementor-section-height-default\" data-id=\"1fb6ef7\" data-element_type=\"section\">\n\t\t\t\t\t\t<div class=\"elementor-container elementor-column-gap-default\">\n\t\t\t\t\t<div class=\"elementor-column elementor-col-100 elementor-top-column elementor-element elementor-element-2e82cfa1\" data-id=\"2e82cfa1\" data-element_type=\"column\">\n\t\t\t<div class=\"elementor-widget-wrap elementor-element-populated\">\n\t\t\t\t\t\t<div class=\"elementor-element elementor-element-72dd8d3f elementor-widget elementor-widget-image\" data-id=\"72dd8d3f\" data-element_type=\"widget\" data-widget_type=\"image.default\">\n\t\t\t\t<div class=\"elementor-widget-container\">\n\t\t\t\t\t\t\t\t\t\t\t\t\t<img decoding=\"async\" width=\"768\" height=\"190\" src=\"https:\/\/www.xn--stadtfhrung-gunzenhausen-0sc.de\/wp-content\/uploads\/2021\/01\/Schrift_Reisegruppen-768x190.png\" class=\"attachment-medium_large size-medium_large wp-image-484\" alt=\"\" srcset=\"https:\/\/www.xn--stadtfhrung-gunzenhausen-0sc.de\/wp-content\/uploads\/2021\/01\/Schrift_Reisegruppen-768x190.png 768w, https:\/\/www.xn--stadtfhrung-gunzenhausen-0sc.de\/wp-content\/uploads\/2021\/01\/Schrift_Reisegruppen-300x74.png 300w, https:\/\/www.xn--stadtfhrung-gunzenhausen-0sc.de\/wp-content\/uploads\/2021\/01\/Schrift_Reisegruppen-1024x254.png 1024w, https:\/\/www.xn--stadtfhrung-gunzenhausen-0sc.de\/wp-content\/uploads\/2021\/01\/Schrift_Reisegruppen-1536x380.png 1536w, https:\/\/www.xn--stadtfhrung-gunzenhausen-0sc.de\/wp-content\/uploads\/2021\/01\/Schrift_Reisegruppen.png 1575w\" sizes=\"(max-width: 768px) 100vw, 768px\" \/>\t\t\t\t\t\t\t\t\t\t\t\t\t<\/div>\n\t\t\t\t<\/div>\n\t\t\t\t\t<\/div>\n\t\t<\/div>\n\t\t\t\t\t<\/div>\n\t\t<\/section>\n\t\t\t\t<section class=\"elementor-section elementor-top-section elementor-element elementor-element-7217a3d2 elementor-section-full_width elementor-section-height-default elementor-section-height-default\" data-id=\"7217a3d2\" data-element_type=\"section\">\n\t\t\t\t\t\t<div class=\"elementor-container elementor-column-gap-default\">\n\t\t\t\t\t<div class=\"elementor-column elementor-col-100 elementor-top-column elementor-element elementor-element-3c8611b1\" data-id=\"3c8611b1\" data-element_type=\"column\">\n\t\t\t<div class=\"elementor-widget-wrap elementor-element-populated\">\n\t\t\t\t\t\t<div class=\"elementor-element elementor-element-7c5413e elementor-widget elementor-widget-text-editor\" data-id=\"7c5413e\" data-element_type=\"widget\" data-widget_type=\"text-editor.default\">\n\t\t\t\t<div class=\"elementor-widget-container\">\n\t\t\t\t\t\t\t<p style=\"text-align: center;\"><span style=\"color: #eb5652;\">Klassische Stadtf\u00fchrung &amp; Themenf\u00fchrungen f\u00fcr Gruppen<\/span><\/p><p style=\"text-align: center;\">Unsere \u201eklassische Stadtf\u00fchrung\u201c wie auch die Themenf\u00fchrungen sind selbstverst\u00e4ndlich auch f\u00fcr Ihre Reisegruppen buchbar. Die maximale Teilnehmerzahl richtet sich w\u00e4hrend der Corona-Pandemie nach den jeweils g\u00fcltigen Vorgaben der Landes-\/Bundesregierung.\u00a0<\/p><p style=\"text-align: center;\">Je Gruppe verrechnen wir 70\u20ac.<\/p>\t\t\t\t\t\t<\/div>\n\t\t\t\t<\/div>\n\t\t\t\t<div class=\"elementor-element elementor-element-8e0fa04 elementor-widget elementor-widget-text-editor\" data-id=\"8e0fa04\" data-element_type=\"widget\" data-widget_type=\"text-editor.default\">\n\t\t\t\t<div class=\"elementor-widget-container\">\n\t\t\t\t\t\t\t<p style=\"text-align: center;\"><span style=\"color: #eb5652;\">Bus-Rundfahrt durchs Fr\u00e4nkische Seenland<\/span><\/p><p style=\"text-align: center;\">Treffpunkt Parkplatz am Ende der Seestra\u00dfe in Gunzenhausen-Schlungenhof mit Spaziergang zur Schiffsanlegestelle der MS Altm\u00fchlsee zur Erkl\u00e4rung des Wasserwirtschaftsprojektes Fr\u00e4nkisches Seenland<\/p><p style=\"text-align: center;\">Weiterfahrt zum Kleinen Brombachsee, Besichtigung und Erl\u00e4uterung der Badehalbinsel Absberg<\/p><p style=\"text-align: center;\">Danach zum Zweiseenplatz, wo der Damm zwischen Ingelsbachvorsperre und Gro\u00dfem Brombachsee verl\u00e4uft<\/p><p style=\"text-align: center;\">N\u00e4chster Programmpunkt sind der Damm des Gro\u00dfen Brombachsees und das Seenland-Informationszentrum Mandlesm\u00fchle<\/p><p style=\"text-align: center;\">Via Pleinfeld geht es zur\u00fcck zum Ausgangspunkt nach Gunzenhausen<\/p><p style=\"text-align: center;\">Dauer ca. 2,5 Stunden \u2013 Kosten 80\u20ac<\/p><p style=\"text-align: center;\">Dazu k\u00f6nnen folgende Module gebucht werden:<\/p>\t\t\t\t\t\t<\/div>\n\t\t\t\t<\/div>\n\t\t\t\t<div class=\"elementor-element elementor-element-6dacdb3 elementor-widget elementor-widget-accordion\" data-id=\"6dacdb3\" data-element_type=\"widget\" data-widget_type=\"accordion.default\">\n\t\t\t\t<div class=\"elementor-widget-container\">\n\t\t\t\t\t<div class=\"elementor-accordion\">\n\t\t\t\t\t\t\t<div class=\"elementor-accordion-item\">\n\t\t\t\t\t<div id=\"elementor-tab-title-1151\" class=\"elementor-tab-title\" data-tab=\"1\" role=\"button\" aria-controls=\"elementor-tab-content-1151\" aria-expanded=\"false\">\n\t\t\t\t\t\t\t\t\t\t\t\t\t<span class=\"elementor-accordion-icon elementor-accordion-icon-left\" aria-hidden=\"true\">\n\t\t\t\t\t\t\t\t\t\t\t\t\t\t\t<span class=\"elementor-accordion-icon-closed\"><i class=\"fas fa-plus\"><\/i><\/span>\n\t\t\t\t\t\t\t\t<span class=\"elementor-accordion-icon-opened\"><i class=\"fas fa-minus\"><\/i><\/span>\n\t\t\t\t\t\t\t\t\t\t\t\t\t\t<\/span>\n\t\t\t\t\t\t\t\t\t\t\t\t<a class=\"elementor-accordion-title\" tabindex=\"0\">Modul 1<\/a>\n\t\t\t\t\t<\/div>\n\t\t\t\t\t<div id=\"elementor-tab-content-1151\" class=\"elementor-tab-content elementor-clearfix\" data-tab=\"1\" role=\"region\" aria-labelledby=\"elementor-tab-title-1151\"><p>Aufenthalt und Kurzf\u00fchrung (evtl. Essenseinkehr) in der kleinen Bierstadt Spalt, die durch den Anbau des Spalter Aromahopfens in Brauerkreisen weltber\u00fchmt ist.\u00a0<br \/>Dauer ohne Bewirtung ca. + 1 Std.<\/p><\/div>\n\t\t\t\t<\/div>\n\t\t\t\t\t\t\t<div class=\"elementor-accordion-item\">\n\t\t\t\t\t<div id=\"elementor-tab-title-1152\" class=\"elementor-tab-title\" data-tab=\"2\" role=\"button\" aria-controls=\"elementor-tab-content-1152\" aria-expanded=\"false\">\n\t\t\t\t\t\t\t\t\t\t\t\t\t<span class=\"elementor-accordion-icon elementor-accordion-icon-left\" aria-hidden=\"true\">\n\t\t\t\t\t\t\t\t\t\t\t\t\t\t\t<span class=\"elementor-accordion-icon-closed\"><i class=\"fas fa-plus\"><\/i><\/span>\n\t\t\t\t\t\t\t\t<span class=\"elementor-accordion-icon-opened\"><i class=\"fas fa-minus\"><\/i><\/span>\n\t\t\t\t\t\t\t\t\t\t\t\t\t\t<\/span>\n\t\t\t\t\t\t\t\t\t\t\t\t<a class=\"elementor-accordion-title\" tabindex=\"0\">Modul 2<\/a>\n\t\t\t\t\t<\/div>\n\t\t\t\t\t<div id=\"elementor-tab-content-1152\" class=\"elementor-tab-content elementor-clearfix\" data-tab=\"2\" role=\"region\" aria-labelledby=\"elementor-tab-title-1152\"><p>Essenseinkehr in einem gutb\u00fcrgerlichen fr\u00e4nkischen Gasthaus in Gro\u00dfweingarten oder Stirn.<br \/>Dauer + 1 Std.<\/p><\/div>\n\t\t\t\t<\/div>\n\t\t\t\t\t\t\t<div class=\"elementor-accordion-item\">\n\t\t\t\t\t<div id=\"elementor-tab-title-1153\" class=\"elementor-tab-title\" data-tab=\"3\" role=\"button\" aria-controls=\"elementor-tab-content-1153\" aria-expanded=\"false\">\n\t\t\t\t\t\t\t\t\t\t\t\t\t<span class=\"elementor-accordion-icon elementor-accordion-icon-left\" aria-hidden=\"true\">\n\t\t\t\t\t\t\t\t\t\t\t\t\t\t\t<span class=\"elementor-accordion-icon-closed\"><i class=\"fas fa-plus\"><\/i><\/span>\n\t\t\t\t\t\t\t\t<span class=\"elementor-accordion-icon-opened\"><i class=\"fas fa-minus\"><\/i><\/span>\n\t\t\t\t\t\t\t\t\t\t\t\t\t\t<\/span>\n\t\t\t\t\t\t\t\t\t\t\t\t<a class=\"elementor-accordion-title\" tabindex=\"0\">Modul 3<\/a>\n\t\t\t\t\t<\/div>\n\t\t\t\t\t<div id=\"elementor-tab-content-1153\" class=\"elementor-tab-content elementor-clearfix\" data-tab=\"3\" role=\"region\" aria-labelledby=\"elementor-tab-title-1153\"><p>Rundfahrt mit der MS Brombachsee, dem einzigen Fahrgast-Trimaran in Europa auf einem Binnensee.<br \/>Dauer eineinhalb Stunden, Kosten +13\u20ac pro Person, ab 20 Personen 12\u20ac<\/p><p>Hier w\u00e4re auch eine Zubuchung von Gastronomieleistungen von Kaffee\/Kuchen (+ ca. 8\u20ac) \u00fcber Fr\u00e4nkische Bratw\u00fcrste mit Sauerkraut und Bauernbrot (+ ca. 8\u20ac) bis Fr\u00e4nkisches Sch\u00e4ufele mit Kartoffelklo\u00df und Salat (+ ca. 14\u20ac) m\u00f6glich.<br \/>Dauer + 2 Std.<\/p><\/div>\n\t\t\t\t<\/div>\n\t\t\t\t\t\t\t\t<\/div>\n\t\t\t\t<\/div>\n\t\t\t\t<\/div>\n\t\t\t\t\t<\/div>\n\t\t<\/div>\n\t\t\t\t\t<\/div>\n\t\t<\/section>\n\t\t\t\t<section class=\"elementor-section elementor-top-section elementor-element elementor-element-1cec820 elementor-section-full_width elementor-section-height-default elementor-section-height-default\" data-id=\"1cec820\" data-element_type=\"section\">\n\t\t\t\t\t\t<div class=\"elementor-container elementor-column-gap-default\">\n\t\t\t\t\t<div class=\"elementor-column elementor-col-100 elementor-top-column elementor-element elementor-element-efdedd6\" data-id=\"efdedd6\" data-element_type=\"column\">\n\t\t\t<div class=\"elementor-widget-wrap elementor-element-populated\">\n\t\t\t\t\t\t<div class=\"elementor-element elementor-element-e9fe9a9 elementor-widget elementor-widget-text-editor\" data-id=\"e9fe9a9\" data-element_type=\"widget\" data-widget_type=\"text-editor.default\">\n\t\t\t\t<div class=\"elementor-widget-container\">\n\t\t\t\t\t\t\t<p>F\u00fcr jede weitere Stunde \u00fcber Gesamtdauer 2,5 Std. berechnen wir 15\u20ac<\/p><p>Gerne greifen wir Ihre Vorschl\u00e4ge und W\u00fcnsche auf und beraten Sie entsprechend.<\/p><p>Wir sind bestrebt, Ihren G\u00e4sten einen informativen und angenehmen Aufenthalt im Fr\u00e4nkischen Seenland zu erm\u00f6glichen.<\/p><p>Bitte rufen Sie uns unter\u00a0<a href=\"http:\/\/tel:016098713530\" target=\"_blank\" rel=\"noopener\"><u>0160 98713530<\/u><\/a>\u00a0an<\/p><p>oder<\/p><p>schreiben Sie eine E-Mail an\u00a0<a href=\"mailto:info@stadtfuehrung-gunzenhausen.de\"><u>info@stadtfuehrung-gunzenhausen.de<\/u><\/a><\/p>\t\t\t\t\t\t<\/div>\n\t\t\t\t<\/div>\n\t\t\t\t\t<\/div>\n\t\t<\/div>\n\t\t\t\t\t<\/div>\n\t\t<\/section>\n\t\t\t\t<section class=\"elementor-section elementor-top-section elementor-element elementor-element-5dfc2d62 elementor-section-boxed elementor-section-height-default elementor-section-height-default\" data-id=\"5dfc2d62\" data-element_type=\"section\">\n\t\t\t\t\t\t<div class=\"elementor-container elementor-column-gap-default\">\n\t\t\t\t\t<div class=\"elementor-column elementor-col-100 elementor-top-column elementor-element elementor-element-14cfe4ee\" data-id=\"14cfe4ee\" data-element_type=\"column\">\n\t\t\t<div class=\"elementor-widget-wrap elementor-element-populated\">\n\t\t\t\t\t\t<div class=\"elementor-element elementor-element-4115574b elementor-widget-divider--view-line elementor-widget elementor-widget-divider\" data-id=\"4115574b\" data-element_type=\"widget\" data-widget_type=\"divider.default\">\n\t\t\t\t<div class=\"elementor-widget-container\">\n\t\t\t\t\t<div class=\"elementor-divider\">\n\t\t\t<span class=\"elementor-divider-separator\">\n\t\t\t\t\t\t<\/span>\n\t\t<\/div>\n\t\t\t\t<\/div>\n\t\t\t\t<\/div>\n\t\t\t\t\t<\/div>\n\t\t<\/div>\n\t\t\t\t\t<\/div>\n\t\t<\/section>\n\t\t\t\t<section class=\"elementor-section elementor-top-section elementor-element elementor-element-65fad513 elementor-section-boxed elementor-section-height-default elementor-section-height-default\" data-id=\"65fad513\" data-element_type=\"section\">\n\t\t\t\t\t\t<div class=\"elementor-container elementor-column-gap-default\">\n\t\t\t\t\t<div class=\"elementor-column elementor-col-100 elementor-top-column elementor-element elementor-element-7859f89b\" data-id=\"7859f89b\" data-element_type=\"column\">\n\t\t\t<div class=\"elementor-widget-wrap elementor-element-populated\">\n\t\t\t\t\t\t<div class=\"elementor-element elementor-element-52296cd elementor-widget elementor-widget-wp-widget-ocean_custom_menu\" data-id=\"52296cd\" data-element_type=\"widget\" data-widget_type=\"wp-widget-ocean_custom_menu.default\">\n\t\t\t\t<div class=\"elementor-widget-container\">\n\t\t\t<style type=\"text\/css\">.ocean_custom_menu-REPLACE_TO_ID > ul > li > a, .custom-menu-widget .ocean_custom_menu-REPLACE_TO_ID .dropdown-menu .sub-menu li a.menu-link{color:#6a6a6a;font-size:12px;line-height:15px;}.custom-menu-widget .ocean_custom_menu-REPLACE_TO_ID.oceanwp-custom-menu > ul.click-menu .open-this{color:#6a6a6a;font-size:12px;}.ocean_custom_menu-REPLACE_TO_ID > ul > li > a:hover, .custom-menu-widget .ocean_custom_menu-REPLACE_TO_ID .dropdown-menu .sub-menu li a.menu-link:hover{color:#EB5652;}.custom-menu-widget .ocean_custom_menu-REPLACE_TO_ID.oceanwp-custom-menu > ul.click-menu .open-this:hover{color:#EB5652;}<\/style><div class=\"oceanwp-custom-menu clr ocean_custom_menu-REPLACE_TO_ID center dropdown-hover\"><ul id=\"menu-footer\" class=\"dropdown-menu sf-menu\"><li  id=\"menu-item-29\" class=\"menu-item menu-item-type-post_type menu-item-object-page menu-item-29\"><a href=\"https:\/\/www.xn--stadtfhrung-gunzenhausen-0sc.de\/?page_id=16\" class=\"menu-link\">Impressum<\/a><\/li>\n<li  id=\"menu-item-30\" class=\"menu-item menu-item-type-post_type menu-item-object-page menu-item-30\"><a href=\"https:\/\/www.xn--stadtfhrung-gunzenhausen-0sc.de\/?page_id=17\" class=\"menu-link\">Datenschutzerkl\u00e4rung<\/a><\/li>\n<li  id=\"menu-item-776\" class=\"menu-item menu-item-type-custom menu-item-object-custom menu-item-776\"><a href=\"https:\/\/www.facebook.com\/stadtfuehrung.gunzenhausen\" class=\"menu-link\" rel=\"nofollow noopener\" target=\"_blank\">Facebook<\/a><\/li>\n<li  id=\"menu-item-777\" class=\"menu-item menu-item-type-custom menu-item-object-custom menu-item-777\"><a href=\"https:\/\/www.instagram.com\/stadtfuehrung_gunzenhausen\/\" class=\"menu-link\" rel=\"nofollow noopener\" target=\"_blank\">Instagram<\/a><\/li>\n<\/ul><\/div>\t\t<\/div>\n\t\t\t\t<\/div>\n\t\t\t\t\t<\/div>\n\t\t<\/div>\n\t\t\t\t\t<\/div>\n\t\t<\/section>\n\t\t\t\t<\/div>\n\t\t","protected":false},"excerpt":{"rendered":"<p>Klassische Stadtf\u00fchrung &amp; Themenf\u00fchrungen f\u00fcr Gruppen Unsere \u201eklassische Stadtf\u00fchrung\u201c wie auch die Themenf\u00fchrungen sind selbstverst\u00e4ndlich auch f\u00fcr Ihre Reisegruppen buchbar. Die maximale Teilnehmerzahl richtet sich w\u00e4hrend der Corona-Pandemie nach den [&hellip;]<\/p>\n","protected":false},"author":1,"featured_media":0,"parent":0,"menu_order":0,"comment_status":"closed","ping_status":"closed","template":"","meta":{"ocean_post_layout":"","ocean_both_sidebars_style":"","ocean_both_sidebars_content_width":0,"ocean_both_sidebars_sidebars_width":0,"ocean_sidebar":"0","ocean_second_sidebar":"0","ocean_disable_margins":"on","ocean_add_body_class":"","ocean_shortcode_before_top_bar":"","ocean_shortcode_after_top_bar":"","ocean_shortcode_before_header":"","ocean_shortcode_after_header":"","ocean_has_shortcode":"","ocean_shortcode_after_title":"","ocean_shortcode_before_footer_widgets":"","ocean_shortcode_after_footer_widgets":"","ocean_shortcode_before_footer_bottom":"","ocean_shortcode_after_footer_bottom":"","ocean_display_top_bar":"off","ocean_display_header":"off","ocean_header_style":"","ocean_center_header_left_menu":"0","ocean_custom_header_template":"0","ocean_custom_logo":0,"ocean_custom_retina_logo":0,"ocean_custom_logo_max_width":0,"ocean_custom_logo_tablet_max_width":0,"ocean_custom_logo_mobile_max_width":0,"ocean_custom_logo_max_height":0,"ocean_custom_logo_tablet_max_height":0,"ocean_custom_logo_mobile_max_height":0,"ocean_header_custom_menu":"0","ocean_menu_typo_font_family":"0","ocean_menu_typo_font_subset":"","ocean_menu_typo_font_size":0,"ocean_menu_typo_font_size_tablet":0,"ocean_menu_typo_font_size_mobile":0,"ocean_menu_typo_font_size_unit":"px","ocean_menu_typo_font_weight":"","ocean_menu_typo_font_weight_tablet":"","ocean_menu_typo_font_weight_mobile":"","ocean_menu_typo_transform":"","ocean_menu_typo_transform_tablet":"","ocean_menu_typo_transform_mobile":"","ocean_menu_typo_line_height":0,"ocean_menu_typo_line_height_tablet":0,"ocean_menu_typo_line_height_mobile":0,"ocean_menu_typo_line_height_unit":"","ocean_menu_typo_spacing":0,"ocean_menu_typo_spacing_tablet":0,"ocean_menu_typo_spacing_mobile":0,"ocean_menu_typo_spacing_unit":"","ocean_menu_link_color":"","ocean_menu_link_color_hover":"","ocean_menu_link_color_active":"","ocean_menu_link_background":"","ocean_menu_link_hover_background":"","ocean_menu_link_active_background":"","ocean_menu_social_links_bg":"","ocean_menu_social_hover_links_bg":"","ocean_menu_social_links_color":"","ocean_menu_social_hover_links_color":"","ocean_disable_title":"on","ocean_disable_heading":"default","ocean_post_title":"","ocean_post_subheading":"","ocean_post_title_style":"","ocean_post_title_background_color":"","ocean_post_title_background":0,"ocean_post_title_bg_image_position":"","ocean_post_title_bg_image_attachment":"","ocean_post_title_bg_image_repeat":"","ocean_post_title_bg_image_size":"","ocean_post_title_height":0,"ocean_post_title_bg_overlay":0.5,"ocean_post_title_bg_overlay_color":"","ocean_disable_breadcrumbs":"off","ocean_breadcrumbs_color":"","ocean_breadcrumbs_separator_color":"","ocean_breadcrumbs_links_color":"","ocean_breadcrumbs_links_hover_color":"","ocean_display_footer_widgets":"off","ocean_display_footer_bottom":"off","ocean_custom_footer_template":"0"},"_links":{"self":[{"href":"https:\/\/www.xn--stadtfhrung-gunzenhausen-0sc.de\/index.php?rest_route=\/wp\/v2\/pages\/412"}],"collection":[{"href":"https:\/\/www.xn--stadtfhrung-gunzenhausen-0sc.de\/index.php?rest_route=\/wp\/v2\/pages"}],"about":[{"href":"https:\/\/www.xn--stadtfhrung-gunzenhausen-0sc.de\/index.php?rest_route=\/wp\/v2\/types\/page"}],"author":[{"embeddable":true,"href":"https:\/\/www.xn--stadtfhrung-gunzenhausen-0sc.de\/index.php?rest_route=\/wp\/v2\/users\/1"}],"replies":[{"embeddable":true,"href":"https:\/\/www.xn--stadtfhrung-gunzenhausen-0sc.de\/index.php?rest_route=%2Fwp%2Fv2%2Fcomments&post=412"}],"version-history":[{"count":11,"href":"https:\/\/www.xn--stadtfhrung-gunzenhausen-0sc.de\/index.php?rest_route=\/wp\/v2\/pages\/412\/revisions"}],"predecessor-version":[{"id":651,"href":"https:\/\/www.xn--stadtfhrung-gunzenhausen-0sc.de\/index.php?rest_route=\/wp\/v2\/pages\/412\/revisions\/651"}],"wp:attachment":[{"href":"https:\/\/www.xn--stadtfhrung-gunzenhausen-0sc.de\/index.php?rest_route=%2Fwp%2Fv2%2Fmedia&parent=412"}],"curies":[{"name":"wp","href":"https:\/\/api.w.org\/{rel}","templated":true}]}}