{"id":16,"date":"2019-07-24T15:07:01","date_gmt":"2019-07-24T15:07:01","guid":{"rendered":"http:\/\/xn--stadtfhrung-gunzenhausen-0sc.de\/?page_id=16"},"modified":"2024-04-21T07:17:21","modified_gmt":"2024-04-21T07:17:21","slug":"impressum","status":"publish","type":"page","link":"https:\/\/www.xn--stadtfhrung-gunzenhausen-0sc.de\/?page_id=16","title":{"rendered":"Impressum"},"content":{"rendered":"\t\t<div data-elementor-type=\"wp-page\" data-elementor-id=\"16\" class=\"elementor elementor-16\">\n\t\t\t\t\t\t<section class=\"elementor-section elementor-top-section elementor-element elementor-element-7efa87a6 elementor-section-full_width elementor-section-stretched elementor-section-height-default elementor-section-height-default\" data-id=\"7efa87a6\" data-element_type=\"section\" data-settings=\"{&quot;stretch_section&quot;:&quot;section-stretched&quot;}\">\n\t\t\t\t\t\t<div class=\"elementor-container elementor-column-gap-no\">\n\t\t\t\t\t<div class=\"elementor-column elementor-col-100 elementor-top-column elementor-element elementor-element-5b62f78f\" data-id=\"5b62f78f\" data-element_type=\"column\">\n\t\t\t<div class=\"elementor-widget-wrap elementor-element-populated\">\n\t\t\t\t\t\t<div class=\"elementor-element elementor-element-2eb57bd4 elementor-widget elementor-widget-image\" data-id=\"2eb57bd4\" data-element_type=\"widget\" data-widget_type=\"image.default\">\n\t\t\t\t<div class=\"elementor-widget-container\">\n\t\t\t\t\t\t\t\t\t\t\t\t\t<img fetchpriority=\"high\" decoding=\"async\" width=\"2722\" height=\"1077\" src=\"https:\/\/www.xn--stadtfhrung-gunzenhausen-0sc.de\/wp-content\/uploads\/2019\/07\/DSC_2855-e1610457251490.jpg\" class=\"attachment-full size-full wp-image-43\" alt=\"Stadtfuehrung Gunzenhausen Titelbild\" srcset=\"https:\/\/www.xn--stadtfhrung-gunzenhausen-0sc.de\/wp-content\/uploads\/2019\/07\/DSC_2855-e1610457251490.jpg 2722w, https:\/\/www.xn--stadtfhrung-gunzenhausen-0sc.de\/wp-content\/uploads\/2019\/07\/DSC_2855-e1610457251490-300x119.jpg 300w, https:\/\/www.xn--stadtfhrung-gunzenhausen-0sc.de\/wp-content\/uploads\/2019\/07\/DSC_2855-e1610457251490-768x304.jpg 768w, https:\/\/www.xn--stadtfhrung-gunzenhausen-0sc.de\/wp-content\/uploads\/2019\/07\/DSC_2855-e1610457251490-1024x405.jpg 1024w, https:\/\/www.xn--stadtfhrung-gunzenhausen-0sc.de\/wp-content\/uploads\/2019\/07\/DSC_2855-e1610457251490-1536x608.jpg 1536w, https:\/\/www.xn--stadtfhrung-gunzenhausen-0sc.de\/wp-content\/uploads\/2019\/07\/DSC_2855-e1610457251490-2048x810.jpg 2048w\" sizes=\"(max-width: 2722px) 100vw, 2722px\" \/>\t\t\t\t\t\t\t\t\t\t\t\t\t<\/div>\n\t\t\t\t<\/div>\n\t\t\t\t\t<\/div>\n\t\t<\/div>\n\t\t\t\t\t<\/div>\n\t\t<\/section>\n\t\t\t\t<section class=\"elementor-section elementor-top-section elementor-element elementor-element-39727d53 elementor-section-full_width elementor-section-height-default elementor-section-height-default\" data-id=\"39727d53\" data-element_type=\"section\" data-settings=\"{&quot;shape_divider_bottom&quot;:&quot;curve&quot;}\">\n\t\t\t\t\t<div class=\"elementor-shape elementor-shape-bottom\" data-negative=\"false\">\n\t\t\t<svg xmlns=\"http:\/\/www.w3.org\/2000\/svg\" viewBox=\"0 0 1000 100\" preserveAspectRatio=\"none\">\n    <path class=\"elementor-shape-fill\" d=\"M1000,4.3V0H0v4.3C0.9,23.1,126.7,99.2,500,100S1000,22.7,1000,4.3z\"\/>\n<\/svg>\t\t<\/div>\n\t\t\t\t\t<div class=\"elementor-container elementor-column-gap-default\">\n\t\t\t\t\t<div class=\"elementor-column elementor-col-100 elementor-top-column elementor-element elementor-element-f989a6b\" data-id=\"f989a6b\" data-element_type=\"column\">\n\t\t\t<div class=\"elementor-widget-wrap elementor-element-populated\">\n\t\t\t\t\t\t<div class=\"elementor-element elementor-element-341defc4 elementor-widget elementor-widget-wp-widget-maxmegamenu\" data-id=\"341defc4\" data-element_type=\"widget\" data-widget_type=\"wp-widget-maxmegamenu.default\">\n\t\t\t\t<div class=\"elementor-widget-container\">\n\t\t\t<div id=\"mega-menu-wrap-main_menu\" class=\"mega-menu-wrap\"><div class=\"mega-menu-toggle\"><div class=\"mega-toggle-blocks-left\"><\/div><div class=\"mega-toggle-blocks-center\"><\/div><div class=\"mega-toggle-blocks-right\"><div class='mega-toggle-block mega-menu-toggle-animated-block mega-toggle-block-0' id='mega-toggle-block-0'><button aria-label=\"Toggle Menu\" class=\"mega-toggle-animated mega-toggle-animated-slider\" type=\"button\" aria-expanded=\"false\">\n                  <span class=\"mega-toggle-animated-box\">\n                    <span class=\"mega-toggle-animated-inner\"><\/span>\n                  <\/span>\n                <\/button><\/div><\/div><\/div><ul id=\"mega-menu-main_menu\" class=\"mega-menu max-mega-menu mega-menu-horizontal mega-no-js\" data-event=\"hover_intent\" data-effect=\"slide\" data-effect-speed=\"200\" data-effect-mobile=\"slide_left\" data-effect-speed-mobile=\"400\" data-panel-inner-width=\"150px\" data-mobile-force-width=\"false\" data-second-click=\"close\" data-document-click=\"collapse\" data-vertical-behaviour=\"accordion\" data-breakpoint=\"768\" data-unbind=\"true\" data-mobile-state=\"collapse_all\" data-mobile-direction=\"vertical\" data-hover-intent-timeout=\"300\" data-hover-intent-interval=\"100\"><li class=\"mega-menu-item mega-menu-item-type-post_type mega-menu-item-object-page mega-menu-item-home mega-align-bottom-left mega-menu-flyout mega-menu-item-414\" id=\"mega-menu-item-414\"><a class=\"mega-menu-link\" href=\"https:\/\/www.xn--stadtfhrung-gunzenhausen-0sc.de\/\" tabindex=\"0\">Startseite<\/a><\/li><li class=\"mega-menu-item mega-menu-item-type-post_type mega-menu-item-object-page mega-align-bottom-left mega-menu-flyout mega-menu-item-415\" id=\"mega-menu-item-415\"><a class=\"mega-menu-link\" href=\"https:\/\/www.xn--stadtfhrung-gunzenhausen-0sc.de\/?page_id=13\" tabindex=\"0\">\u00dcber uns<\/a><\/li><li class=\"mega-menu-item mega-menu-item-type-post_type mega-menu-item-object-page mega-menu-megamenu mega-align-bottom-right mega-menu-megamenu mega-menu-item-416\" id=\"mega-menu-item-416\"><a class=\"mega-menu-link\" href=\"https:\/\/www.xn--stadtfhrung-gunzenhausen-0sc.de\/?page_id=14\" tabindex=\"0\">F\u00fchrungen<\/a><\/li><li class=\"mega-menu-item mega-menu-item-type-post_type mega-menu-item-object-page mega-align-bottom-left mega-menu-flyout mega-menu-item-1136\" id=\"mega-menu-item-1136\"><a class=\"mega-menu-link\" href=\"https:\/\/www.xn--stadtfhrung-gunzenhausen-0sc.de\/?page_id=1134\" tabindex=\"0\">Gutschein<\/a><\/li><li class=\"mega-menu-item mega-menu-item-type-post_type mega-menu-item-object-page mega-align-bottom-left mega-menu-flyout mega-menu-item-417\" id=\"mega-menu-item-417\"><a class=\"mega-menu-link\" href=\"https:\/\/www.xn--stadtfhrung-gunzenhausen-0sc.de\/?page_id=15\" tabindex=\"0\">Kontakt<\/a><\/li><\/ul><\/div>\t\t<\/div>\n\t\t\t\t<\/div>\n\t\t\t\t\t<\/div>\n\t\t<\/div>\n\t\t\t\t\t<\/div>\n\t\t<\/section>\n\t\t\t\t<section class=\"elementor-section elementor-top-section elementor-element elementor-element-9cdddce elementor-section-boxed elementor-section-height-default elementor-section-height-default\" data-id=\"9cdddce\" data-element_type=\"section\">\n\t\t\t\t\t\t<div class=\"elementor-container elementor-column-gap-default\">\n\t\t\t\t\t<div class=\"elementor-column elementor-col-100 elementor-top-column elementor-element elementor-element-13b5b871\" data-id=\"13b5b871\" data-element_type=\"column\">\n\t\t\t<div class=\"elementor-widget-wrap elementor-element-populated\">\n\t\t\t\t\t\t<div class=\"elementor-element elementor-element-227de190 elementor-hidden-tablet elementor-hidden-phone elementor-widget-divider--view-line elementor-widget elementor-widget-divider\" data-id=\"227de190\" data-element_type=\"widget\" data-widget_type=\"divider.default\">\n\t\t\t\t<div class=\"elementor-widget-container\">\n\t\t\t\t\t<div class=\"elementor-divider\">\n\t\t\t<span class=\"elementor-divider-separator\">\n\t\t\t\t\t\t<\/span>\n\t\t<\/div>\n\t\t\t\t<\/div>\n\t\t\t\t<\/div>\n\t\t\t\t\t<\/div>\n\t\t<\/div>\n\t\t\t\t\t<\/div>\n\t\t<\/section>\n\t\t\t\t<section class=\"elementor-section elementor-top-section elementor-element elementor-element-636ccf2f elementor-section-full_width elementor-section-height-default elementor-section-height-default\" data-id=\"636ccf2f\" data-element_type=\"section\">\n\t\t\t\t\t\t<div class=\"elementor-container elementor-column-gap-default\">\n\t\t\t\t\t<div class=\"elementor-column elementor-col-100 elementor-top-column elementor-element elementor-element-1f621f6f\" data-id=\"1f621f6f\" data-element_type=\"column\">\n\t\t\t<div class=\"elementor-widget-wrap elementor-element-populated\">\n\t\t\t\t\t\t<div class=\"elementor-element elementor-element-13d0ca90 elementor-widget elementor-widget-image\" data-id=\"13d0ca90\" data-element_type=\"widget\" data-widget_type=\"image.default\">\n\t\t\t\t<div class=\"elementor-widget-container\">\n\t\t\t\t\t\t\t\t\t\t\t\t\t<img decoding=\"async\" width=\"768\" height=\"190\" src=\"https:\/\/www.xn--stadtfhrung-gunzenhausen-0sc.de\/wp-content\/uploads\/2021\/01\/Schrift_Impressum-768x190.png\" class=\"attachment-medium_large size-medium_large wp-image-482\" alt=\"\" srcset=\"https:\/\/www.xn--stadtfhrung-gunzenhausen-0sc.de\/wp-content\/uploads\/2021\/01\/Schrift_Impressum-768x190.png 768w, https:\/\/www.xn--stadtfhrung-gunzenhausen-0sc.de\/wp-content\/uploads\/2021\/01\/Schrift_Impressum-300x74.png 300w, https:\/\/www.xn--stadtfhrung-gunzenhausen-0sc.de\/wp-content\/uploads\/2021\/01\/Schrift_Impressum-1024x254.png 1024w, https:\/\/www.xn--stadtfhrung-gunzenhausen-0sc.de\/wp-content\/uploads\/2021\/01\/Schrift_Impressum-1536x380.png 1536w, https:\/\/www.xn--stadtfhrung-gunzenhausen-0sc.de\/wp-content\/uploads\/2021\/01\/Schrift_Impressum.png 1575w\" sizes=\"(max-width: 768px) 100vw, 768px\" \/>\t\t\t\t\t\t\t\t\t\t\t\t\t<\/div>\n\t\t\t\t<\/div>\n\t\t\t\t\t<\/div>\n\t\t<\/div>\n\t\t\t\t\t<\/div>\n\t\t<\/section>\n\t\t\t\t<section class=\"elementor-section elementor-top-section elementor-element elementor-element-5a588278 elementor-section-full_width elementor-section-height-default elementor-section-height-default\" data-id=\"5a588278\" data-element_type=\"section\">\n\t\t\t\t\t\t<div class=\"elementor-container elementor-column-gap-default\">\n\t\t\t\t\t<div class=\"elementor-column elementor-col-100 elementor-top-column elementor-element elementor-element-18a61316\" data-id=\"18a61316\" data-element_type=\"column\">\n\t\t\t<div class=\"elementor-widget-wrap elementor-element-populated\">\n\t\t\t\t\t\t<div class=\"elementor-element elementor-element-23ed49e9 elementor-widget elementor-widget-text-editor\" data-id=\"23ed49e9\" data-element_type=\"widget\" data-widget_type=\"text-editor.default\">\n\t\t\t\t<div class=\"elementor-widget-container\">\n\t\t\t\t\t\t\t<p>Isa Uebler &#8211; Touristik<br>Stadtf\u00fchrung Gunzenhausen<br>B\u00fcchelberg 163, 91710 Gunzenhausen<\/p>\n<p>Telefon: \u202d<a href=\"tel:+4916097906465\">+49 160 979 064 65<\/a><br>E-Mail:&nbsp;<a href=\"mailto:info@stadtf%C3%BChrung-gunzenhausen.de\">info@stadtfuehrung-gunzenhausen.de<\/a><\/p>\n<p>Steuer-Nr. 220\/282\/10152<\/p>\n<h2 style=\"text-align: left;\">Disclaimer \u2013 rechtliche Hinweise<\/h2>\n<p style=\"text-align: left;\">\u00a7 1 Warnhinweis zu Inhalten<br>Die kostenlosen und frei zug\u00e4nglichen Inhalte dieser Webseite wurden mit gr\u00f6\u00dftm\u00f6glicher Sorgfalt erstellt. Der Anbieter dieser Webseite \u00fcbernimmt jedoch keine Gew\u00e4hr f\u00fcr die Richtigkeit und Aktualit\u00e4t der bereitgestellten kostenlosen und frei zug\u00e4nglichen journalistischen Ratgeber und Nachrichten. Namentlich gekennzeichnete Beitr\u00e4ge geben die Meinung des jeweiligen Autors und nicht immer die Meinung des Anbieters wieder. Allein durch den Aufruf der kostenlosen und frei zug\u00e4nglichen Inhalte kommt keinerlei Vertragsverh\u00e4ltnis zwischen dem Nutzer und dem Anbieter zustande, insoweit fehlt es am Rechtsbindungswillen des Anbieters.<\/p>\n<p style=\"text-align: left;\">\u00a7 2 Externe Links<br>Diese Website enth\u00e4lt Verkn\u00fcpfungen zu Websites Dritter (&#8222;externe Links&#8220;). Diese Websites unterliegen der Haftung der jeweiligen Betreiber. Der Anbieter hat bei der erstmaligen Verkn\u00fcpfung der externen Links die fremden Inhalte daraufhin \u00fcberpr\u00fcft, ob etwaige Rechtsverst\u00f6\u00dfe bestehen. Zu dem Zeitpunkt waren keine Rechtsverst\u00f6\u00dfe ersichtlich. Der Anbieter hat keinerlei Einfluss auf die aktuelle und zuk\u00fcnftige Gestaltung und auf die Inhalte der verkn\u00fcpften Seiten. Das Setzen von externen Links bedeutet nicht, dass sich der Anbieter die hinter dem Verweis oder Link liegenden Inhalte zu Eigen macht. Eine st\u00e4ndige Kontrolle der externen Links ist f\u00fcr den Anbieter ohne konkrete Hinweise auf Rechtsverst\u00f6\u00dfe nicht zumutbar. Bei Kenntnis von Rechtsverst\u00f6\u00dfen werden jedoch derartige externe Links unverz\u00fcglich gel\u00f6scht.<\/p>\n<p style=\"text-align: left;\">\u00a7 3 Urheber- und Leistungsschutzrechte<br>Die auf dieser Website ver\u00f6ffentlichten Inhalte unterliegen dem deutschen Urheber- und Leistungsschutzrecht. Jede vom deutschen Urheber- und Leistungsschutzrecht nicht zugelassene Verwertung bedarf der vorherigen schriftlichen Zustimmung des Anbieters oder jeweiligen Rechteinhabers. Dies gilt insbesondere f\u00fcr Vervielf\u00e4ltigung, Bearbeitung, \u00dcbersetzung, Einspeicherung, Verarbeitung bzw. Wiedergabe von Inhalten in Datenbanken oder anderen elektronischen Medien und Systemen. Inhalte und Rechte Dritter sind dabei als solche gekennzeichnet. Die unerlaubte Vervielf\u00e4ltigung oder Weitergabe einzelner Inhalte oder kompletter Seiten ist nicht gestattet und strafbar. Lediglich die Herstellung von Kopien und Downloads f\u00fcr den pers\u00f6nlichen, privaten und nicht kommerziellen Gebrauch ist erlaubt.&nbsp;Die Darstellung dieser Website in fremden Frames ist nur mit schriftlicher Erlaubnis zul\u00e4ssig.<\/p>\n<p style=\"text-align: left;\">\u00a7 4 Besondere Nutzungsbedingungen<br>Soweit besondere Bedingungen f\u00fcr einzelne Nutzungen dieser Website von den vorgenannten Paragraphen abweichen, wird an entsprechender Stelle ausdr\u00fccklich darauf hingewiesen. In diesem Falle gelten im jeweiligen Einzelfall die besonderen Nutzungsbedingungen.<\/p>\n<p style=\"text-align: left;\">Quelle:&nbsp;<a href=\"https:\/\/www.juraforum.de\/impressum-generator\/\" rel=\"nofollow noopener\" target=\"_blank\">Impressum Generator von JuraForum.de<\/a><\/p>\t\t\t\t\t\t<\/div>\n\t\t\t\t<\/div>\n\t\t\t\t\t<\/div>\n\t\t<\/div>\n\t\t\t\t\t<\/div>\n\t\t<\/section>\n\t\t\t\t<section class=\"elementor-section elementor-top-section elementor-element elementor-element-1d782d2b elementor-section-boxed elementor-section-height-default elementor-section-height-default\" data-id=\"1d782d2b\" data-element_type=\"section\">\n\t\t\t\t\t\t<div class=\"elementor-container elementor-column-gap-default\">\n\t\t\t\t\t<div class=\"elementor-column elementor-col-100 elementor-top-column elementor-element elementor-element-597c9ab2\" data-id=\"597c9ab2\" data-element_type=\"column\">\n\t\t\t<div class=\"elementor-widget-wrap elementor-element-populated\">\n\t\t\t\t\t\t<div class=\"elementor-element elementor-element-62f670b1 elementor-widget-divider--view-line elementor-widget elementor-widget-divider\" data-id=\"62f670b1\" data-element_type=\"widget\" data-widget_type=\"divider.default\">\n\t\t\t\t<div class=\"elementor-widget-container\">\n\t\t\t\t\t<div class=\"elementor-divider\">\n\t\t\t<span class=\"elementor-divider-separator\">\n\t\t\t\t\t\t<\/span>\n\t\t<\/div>\n\t\t\t\t<\/div>\n\t\t\t\t<\/div>\n\t\t\t\t\t<\/div>\n\t\t<\/div>\n\t\t\t\t\t<\/div>\n\t\t<\/section>\n\t\t\t\t<section class=\"elementor-section elementor-top-section elementor-element elementor-element-210f9e9e elementor-section-boxed elementor-section-height-default elementor-section-height-default\" data-id=\"210f9e9e\" data-element_type=\"section\">\n\t\t\t\t\t\t<div class=\"elementor-container elementor-column-gap-default\">\n\t\t\t\t\t<div class=\"elementor-column elementor-col-100 elementor-top-column elementor-element elementor-element-5b8a7715\" data-id=\"5b8a7715\" data-element_type=\"column\">\n\t\t\t<div class=\"elementor-widget-wrap elementor-element-populated\">\n\t\t\t\t\t\t<div class=\"elementor-element elementor-element-1254337d elementor-widget elementor-widget-wp-widget-ocean_custom_menu\" data-id=\"1254337d\" data-element_type=\"widget\" data-widget_type=\"wp-widget-ocean_custom_menu.default\">\n\t\t\t\t<div class=\"elementor-widget-container\">\n\t\t\t<style type=\"text\/css\">.ocean_custom_menu-REPLACE_TO_ID > ul > li > a, .custom-menu-widget .ocean_custom_menu-REPLACE_TO_ID .dropdown-menu .sub-menu li a.menu-link{color:#6a6a6a;font-size:12px;line-height:15px;}.custom-menu-widget .ocean_custom_menu-REPLACE_TO_ID.oceanwp-custom-menu > ul.click-menu .open-this{color:#6a6a6a;font-size:12px;}.ocean_custom_menu-REPLACE_TO_ID > ul > li > a:hover, .custom-menu-widget .ocean_custom_menu-REPLACE_TO_ID .dropdown-menu .sub-menu li a.menu-link:hover{color:#EB5652;}.custom-menu-widget .ocean_custom_menu-REPLACE_TO_ID.oceanwp-custom-menu > ul.click-menu .open-this:hover{color:#EB5652;}<\/style><div class=\"oceanwp-custom-menu clr ocean_custom_menu-REPLACE_TO_ID center dropdown-hover\"><ul id=\"menu-footer\" class=\"dropdown-menu sf-menu\"><li  id=\"menu-item-29\" class=\"menu-item menu-item-type-post_type menu-item-object-page menu-item-29\"><a href=\"https:\/\/www.xn--stadtfhrung-gunzenhausen-0sc.de\/?page_id=16\" class=\"menu-link\">Impressum<\/a><\/li>\n<li  id=\"menu-item-30\" class=\"menu-item menu-item-type-post_type menu-item-object-page menu-item-30\"><a href=\"https:\/\/www.xn--stadtfhrung-gunzenhausen-0sc.de\/?page_id=17\" class=\"menu-link\">Datenschutzerkl\u00e4rung<\/a><\/li>\n<li  id=\"menu-item-776\" class=\"menu-item menu-item-type-custom menu-item-object-custom menu-item-776\"><a href=\"https:\/\/www.facebook.com\/stadtfuehrung.gunzenhausen\" class=\"menu-link\" rel=\"nofollow noopener\" target=\"_blank\">Facebook<\/a><\/li>\n<li  id=\"menu-item-777\" class=\"menu-item menu-item-type-custom menu-item-object-custom menu-item-777\"><a href=\"https:\/\/www.instagram.com\/stadtfuehrung_gunzenhausen\/\" class=\"menu-link\" rel=\"nofollow noopener\" target=\"_blank\">Instagram<\/a><\/li>\n<\/ul><\/div>\t\t<\/div>\n\t\t\t\t<\/div>\n\t\t\t\t\t<\/div>\n\t\t<\/div>\n\t\t\t\t\t<\/div>\n\t\t<\/section>\n\t\t\t\t<section class=\"elementor-section elementor-top-section elementor-element elementor-element-c2c509f elementor-section-boxed elementor-section-height-default elementor-section-height-default\" data-id=\"c2c509f\" data-element_type=\"section\">\n\t\t\t\t\t\t<div class=\"elementor-container elementor-column-gap-default\">\n\t\t\t\t\t<div class=\"elementor-column elementor-col-100 elementor-top-column elementor-element elementor-element-5ca2a08\" data-id=\"5ca2a08\" data-element_type=\"column\">\n\t\t\t<div class=\"elementor-widget-wrap elementor-element-populated\">\n\t\t\t\t\t\t<div class=\"elementor-element elementor-element-61a8f05 elementor-widget elementor-widget-text-editor\" data-id=\"61a8f05\" data-element_type=\"widget\" data-widget_type=\"text-editor.default\">\n\t\t\t\t<div class=\"elementor-widget-container\">\n\t\t\t\t\t\t\t<p>Lorem ipsum dolor sit amet, consectetur adipiscing elit. Ut elit tellus, luctus nec ullamcorper mattis, pulvinar dapibus leo.<\/p>\t\t\t\t\t\t<\/div>\n\t\t\t\t<\/div>\n\t\t\t\t\t<\/div>\n\t\t<\/div>\n\t\t\t\t\t<\/div>\n\t\t<\/section>\n\t\t\t\t<\/div>\n\t\t","protected":false},"excerpt":{"rendered":"<p>Isa Uebler &#8211; TouristikStadtf\u00fchrung GunzenhausenB\u00fcchelberg 163, 91710 Gunzenhausen Telefon: \u202d+49 160 979 064 65E-Mail:&nbsp;info@stadtfuehrung-gunzenhausen.de Steuer-Nr. 220\/282\/10152 Disclaimer \u2013 rechtliche Hinweise \u00a7 1 Warnhinweis zu InhaltenDie kostenlosen und frei zug\u00e4nglichen Inhalte [&hellip;]<\/p>\n","protected":false},"author":1,"featured_media":0,"parent":0,"menu_order":0,"comment_status":"closed","ping_status":"closed","template":"","meta":{"ocean_post_layout":"","ocean_both_sidebars_style":"","ocean_both_sidebars_content_width":0,"ocean_both_sidebars_sidebars_width":0,"ocean_sidebar":"0","ocean_second_sidebar":"0","ocean_disable_margins":"on","ocean_add_body_class":"","ocean_shortcode_before_top_bar":"","ocean_shortcode_after_top_bar":"","ocean_shortcode_before_header":"","ocean_shortcode_after_header":"","ocean_has_shortcode":"","ocean_shortcode_after_title":"","ocean_shortcode_before_footer_widgets":"","ocean_shortcode_after_footer_widgets":"","ocean_shortcode_before_footer_bottom":"","ocean_shortcode_after_footer_bottom":"","ocean_display_top_bar":"off","ocean_display_header":"off","ocean_header_style":"","ocean_center_header_left_menu":"0","ocean_custom_header_template":"0","ocean_custom_logo":0,"ocean_custom_retina_logo":0,"ocean_custom_logo_max_width":0,"ocean_custom_logo_tablet_max_width":0,"ocean_custom_logo_mobile_max_width":0,"ocean_custom_logo_max_height":0,"ocean_custom_logo_tablet_max_height":0,"ocean_custom_logo_mobile_max_height":0,"ocean_header_custom_menu":"0","ocean_menu_typo_font_family":"0","ocean_menu_typo_font_subset":"","ocean_menu_typo_font_size":0,"ocean_menu_typo_font_size_tablet":0,"ocean_menu_typo_font_size_mobile":0,"ocean_menu_typo_font_size_unit":"px","ocean_menu_typo_font_weight":"","ocean_menu_typo_font_weight_tablet":"","ocean_menu_typo_font_weight_mobile":"","ocean_menu_typo_transform":"","ocean_menu_typo_transform_tablet":"","ocean_menu_typo_transform_mobile":"","ocean_menu_typo_line_height":0,"ocean_menu_typo_line_height_tablet":0,"ocean_menu_typo_line_height_mobile":0,"ocean_menu_typo_line_height_unit":"","ocean_menu_typo_spacing":0,"ocean_menu_typo_spacing_tablet":0,"ocean_menu_typo_spacing_mobile":0,"ocean_menu_typo_spacing_unit":"","ocean_menu_link_color":"","ocean_menu_link_color_hover":"","ocean_menu_link_color_active":"","ocean_menu_link_background":"","ocean_menu_link_hover_background":"","ocean_menu_link_active_background":"","ocean_menu_social_links_bg":"","ocean_menu_social_hover_links_bg":"","ocean_menu_social_links_color":"","ocean_menu_social_hover_links_color":"","ocean_disable_title":"on","ocean_disable_heading":"default","ocean_post_title":"","ocean_post_subheading":"","ocean_post_title_style":"","ocean_post_title_background_color":"","ocean_post_title_background":0,"ocean_post_title_bg_image_position":"","ocean_post_title_bg_image_attachment":"","ocean_post_title_bg_image_repeat":"","ocean_post_title_bg_image_size":"","ocean_post_title_height":0,"ocean_post_title_bg_overlay":0.5,"ocean_post_title_bg_overlay_color":"","ocean_disable_breadcrumbs":"off","ocean_breadcrumbs_color":"","ocean_breadcrumbs_separator_color":"","ocean_breadcrumbs_links_color":"","ocean_breadcrumbs_links_hover_color":"","ocean_display_footer_widgets":"off","ocean_display_footer_bottom":"off","ocean_custom_footer_template":"0"},"_links":{"self":[{"href":"https:\/\/www.xn--stadtfhrung-gunzenhausen-0sc.de\/index.php?rest_route=\/wp\/v2\/pages\/16"}],"collection":[{"href":"https:\/\/www.xn--stadtfhrung-gunzenhausen-0sc.de\/index.php?rest_route=\/wp\/v2\/pages"}],"about":[{"href":"https:\/\/www.xn--stadtfhrung-gunzenhausen-0sc.de\/index.php?rest_route=\/wp\/v2\/types\/page"}],"author":[{"embeddable":true,"href":"https:\/\/www.xn--stadtfhrung-gunzenhausen-0sc.de\/index.php?rest_route=\/wp\/v2\/users\/1"}],"replies":[{"embeddable":true,"href":"https:\/\/www.xn--stadtfhrung-gunzenhausen-0sc.de\/index.php?rest_route=%2Fwp%2Fv2%2Fcomments&post=16"}],"version-history":[{"count":20,"href":"https:\/\/www.xn--stadtfhrung-gunzenhausen-0sc.de\/index.php?rest_route=\/wp\/v2\/pages\/16\/revisions"}],"predecessor-version":[{"id":1507,"href":"https:\/\/www.xn--stadtfhrung-gunzenhausen-0sc.de\/index.php?rest_route=\/wp\/v2\/pages\/16\/revisions\/1507"}],"wp:attachment":[{"href":"https:\/\/www.xn--stadtfhrung-gunzenhausen-0sc.de\/index.php?rest_route=%2Fwp%2Fv2%2Fmedia&parent=16"}],"curies":[{"name":"wp","href":"https:\/\/api.w.org\/{rel}","templated":true}]}}